{"id":26,"date":"2024-05-21T20:00:21","date_gmt":"2024-05-21T20:00:21","guid":{"rendered":"https:\/\/paslanmazimalat.com\/?page_id=26"},"modified":"2024-05-30T21:19:45","modified_gmt":"2024-05-30T21:19:45","slug":"paslanmaz-kaydirak-imalati","status":"publish","type":"page","link":"https:\/\/paslanmazimalat.com\/index.php\/paslanmaz-kaydirak-imalati\/","title":{"rendered":"Paslanmaz Kayd\u0131rak \u0130malat\u0131"},"content":{"rendered":"\n<div class=\"wp-block-group alignwide is-layout-flow wp-block-group-is-layout-flow\" style=\"margin-top:0;margin-bottom:0;padding-right:0;padding-left:0\">\n<figure class=\"wp-block-gallery has-nested-images columns-4 is-cropped wp-block-gallery-1 is-layout-flex wp-block-gallery-is-layout-flex\">\n<figure data-wp-context=\"{&quot;imageId&quot;:&quot;69e1fda199f45&quot;}\" data-wp-interactive=\"core\/image\" data-wp-key=\"69e1fda199f45\" class=\"wp-block-image size-full wp-lightbox-container\"><img loading=\"lazy\" decoding=\"async\" width=\"360\" height=\"426\" data-wp-class--hide=\"state.isContentHidden\" data-wp-class--show=\"state.isContentVisible\" data-wp-init=\"callbacks.setButtonStyles\" data-wp-on--click=\"actions.showLightbox\" data-wp-on--load=\"callbacks.setButtonStyles\" data-wp-on-window--resize=\"callbacks.setButtonStyles\" data-id=\"87\" src=\"https:\/\/i0.wp.com\/paslanmazimalat.com\/wp-content\/uploads\/2024\/05\/cfd7fd19b0bd5a8c8d6a147567e4985c.jpg?resize=360%2C426&#038;ssl=1\" alt=\"\" class=\"wp-image-87\" srcset=\"https:\/\/i0.wp.com\/paslanmazimalat.com\/wp-content\/uploads\/2024\/05\/cfd7fd19b0bd5a8c8d6a147567e4985c.jpg?w=360&amp;ssl=1 360w, https:\/\/i0.wp.com\/paslanmazimalat.com\/wp-content\/uploads\/2024\/05\/cfd7fd19b0bd5a8c8d6a147567e4985c.jpg?resize=254%2C300&amp;ssl=1 254w\" sizes=\"auto, (max-width: 360px) 100vw, 360px\" data-recalc-dims=\"1\" \/><button\n\t\t\tclass=\"lightbox-trigger\"\n\t\t\ttype=\"button\"\n\t\t\taria-haspopup=\"dialog\"\n\t\t\taria-label=\"B\u00fcy\u00fct\"\n\t\t\tdata-wp-init=\"callbacks.initTriggerButton\"\n\t\t\tdata-wp-on--click=\"actions.showLightbox\"\n\t\t\tdata-wp-style--right=\"state.imageButtonRight\"\n\t\t\tdata-wp-style--top=\"state.imageButtonTop\"\n\t\t>\n\t\t\t<svg xmlns=\"http:\/\/www.w3.org\/2000\/svg\" width=\"12\" height=\"12\" fill=\"none\" viewBox=\"0 0 12 12\">\n\t\t\t\t<path fill=\"#fff\" d=\"M2 0a2 2 0 0 0-2 2v2h1.5V2a.5.5 0 0 1 .5-.5h2V0H2Zm2 10.5H2a.5.5 0 0 1-.5-.5V8H0v2a2 2 0 0 0 2 2h2v-1.5ZM8 12v-1.5h2a.5.5 0 0 0 .5-.5V8H12v2a2 2 0 0 1-2 2H8Zm2-12a2 2 0 0 1 2 2v2h-1.5V2a.5.5 0 0 0-.5-.5H8V0h2Z\" \/>\n\t\t\t<\/svg>\n\t\t<\/button><\/figure>\n\n\n\n<figure data-wp-context=\"{&quot;imageId&quot;:&quot;69e1fda19a454&quot;}\" data-wp-interactive=\"core\/image\" data-wp-key=\"69e1fda19a454\" class=\"wp-block-image size-full wp-lightbox-container\"><img loading=\"lazy\" decoding=\"async\" width=\"564\" height=\"845\" data-wp-class--hide=\"state.isContentHidden\" data-wp-class--show=\"state.isContentVisible\" data-wp-init=\"callbacks.setButtonStyles\" data-wp-on--click=\"actions.showLightbox\" data-wp-on--load=\"callbacks.setButtonStyles\" data-wp-on-window--resize=\"callbacks.setButtonStyles\" data-id=\"85\" src=\"https:\/\/i0.wp.com\/paslanmazimalat.com\/wp-content\/uploads\/2024\/05\/a89e4fca67cf444a11030d43f32e4b87.jpg?resize=564%2C845&#038;ssl=1\" alt=\"\" class=\"wp-image-85\" srcset=\"https:\/\/i0.wp.com\/paslanmazimalat.com\/wp-content\/uploads\/2024\/05\/a89e4fca67cf444a11030d43f32e4b87.jpg?w=564&amp;ssl=1 564w, https:\/\/i0.wp.com\/paslanmazimalat.com\/wp-content\/uploads\/2024\/05\/a89e4fca67cf444a11030d43f32e4b87.jpg?resize=200%2C300&amp;ssl=1 200w\" sizes=\"auto, (max-width: 564px) 100vw, 564px\" data-recalc-dims=\"1\" \/><button\n\t\t\tclass=\"lightbox-trigger\"\n\t\t\ttype=\"button\"\n\t\t\taria-haspopup=\"dialog\"\n\t\t\taria-label=\"B\u00fcy\u00fct\"\n\t\t\tdata-wp-init=\"callbacks.initTriggerButton\"\n\t\t\tdata-wp-on--click=\"actions.showLightbox\"\n\t\t\tdata-wp-style--right=\"state.imageButtonRight\"\n\t\t\tdata-wp-style--top=\"state.imageButtonTop\"\n\t\t>\n\t\t\t<svg xmlns=\"http:\/\/www.w3.org\/2000\/svg\" width=\"12\" height=\"12\" fill=\"none\" viewBox=\"0 0 12 12\">\n\t\t\t\t<path fill=\"#fff\" d=\"M2 0a2 2 0 0 0-2 2v2h1.5V2a.5.5 0 0 1 .5-.5h2V0H2Zm2 10.5H2a.5.5 0 0 1-.5-.5V8H0v2a2 2 0 0 0 2 2h2v-1.5ZM8 12v-1.5h2a.5.5 0 0 0 .5-.5V8H12v2a2 2 0 0 1-2 2H8Zm2-12a2 2 0 0 1 2 2v2h-1.5V2a.5.5 0 0 0-.5-.5H8V0h2Z\" \/>\n\t\t\t<\/svg>\n\t\t<\/button><\/figure>\n\n\n\n<figure data-wp-context=\"{&quot;imageId&quot;:&quot;69e1fda19a8fe&quot;}\" data-wp-interactive=\"core\/image\" data-wp-key=\"69e1fda19a8fe\" class=\"wp-block-image size-full wp-lightbox-container\"><img loading=\"lazy\" decoding=\"async\" width=\"564\" height=\"752\" data-wp-class--hide=\"state.isContentHidden\" data-wp-class--show=\"state.isContentVisible\" data-wp-init=\"callbacks.setButtonStyles\" data-wp-on--click=\"actions.showLightbox\" data-wp-on--load=\"callbacks.setButtonStyles\" data-wp-on-window--resize=\"callbacks.setButtonStyles\" data-id=\"77\" src=\"https:\/\/i0.wp.com\/paslanmazimalat.com\/wp-content\/uploads\/2024\/05\/4c6b7e99183ae14c3ce99a183f20033e.jpg?resize=564%2C752&#038;ssl=1\" alt=\"\" class=\"wp-image-77\" srcset=\"https:\/\/i0.wp.com\/paslanmazimalat.com\/wp-content\/uploads\/2024\/05\/4c6b7e99183ae14c3ce99a183f20033e.jpg?w=564&amp;ssl=1 564w, https:\/\/i0.wp.com\/paslanmazimalat.com\/wp-content\/uploads\/2024\/05\/4c6b7e99183ae14c3ce99a183f20033e.jpg?resize=225%2C300&amp;ssl=1 225w\" sizes=\"auto, (max-width: 564px) 100vw, 564px\" data-recalc-dims=\"1\" \/><button\n\t\t\tclass=\"lightbox-trigger\"\n\t\t\ttype=\"button\"\n\t\t\taria-haspopup=\"dialog\"\n\t\t\taria-label=\"B\u00fcy\u00fct\"\n\t\t\tdata-wp-init=\"callbacks.initTriggerButton\"\n\t\t\tdata-wp-on--click=\"actions.showLightbox\"\n\t\t\tdata-wp-style--right=\"state.imageButtonRight\"\n\t\t\tdata-wp-style--top=\"state.imageButtonTop\"\n\t\t>\n\t\t\t<svg xmlns=\"http:\/\/www.w3.org\/2000\/svg\" width=\"12\" height=\"12\" fill=\"none\" viewBox=\"0 0 12 12\">\n\t\t\t\t<path fill=\"#fff\" d=\"M2 0a2 2 0 0 0-2 2v2h1.5V2a.5.5 0 0 1 .5-.5h2V0H2Zm2 10.5H2a.5.5 0 0 1-.5-.5V8H0v2a2 2 0 0 0 2 2h2v-1.5ZM8 12v-1.5h2a.5.5 0 0 0 .5-.5V8H12v2a2 2 0 0 1-2 2H8Zm2-12a2 2 0 0 1 2 2v2h-1.5V2a.5.5 0 0 0-.5-.5H8V0h2Z\" \/>\n\t\t\t<\/svg>\n\t\t<\/button><\/figure>\n\n\n\n<figure data-wp-context=\"{&quot;imageId&quot;:&quot;69e1fda19ad81&quot;}\" data-wp-interactive=\"core\/image\" data-wp-key=\"69e1fda19ad81\" class=\"wp-block-image size-full wp-lightbox-container\"><img loading=\"lazy\" decoding=\"async\" width=\"401\" height=\"600\" data-wp-class--hide=\"state.isContentHidden\" data-wp-class--show=\"state.isContentVisible\" data-wp-init=\"callbacks.setButtonStyles\" data-wp-on--click=\"actions.showLightbox\" data-wp-on--load=\"callbacks.setButtonStyles\" data-wp-on-window--resize=\"callbacks.setButtonStyles\" data-id=\"79\" src=\"https:\/\/i0.wp.com\/paslanmazimalat.com\/wp-content\/uploads\/2024\/05\/3ea0fb7a5d080c50d03131f8c4fcf8fd.jpg?resize=401%2C600&#038;ssl=1\" alt=\"\" class=\"wp-image-79\" srcset=\"https:\/\/i0.wp.com\/paslanmazimalat.com\/wp-content\/uploads\/2024\/05\/3ea0fb7a5d080c50d03131f8c4fcf8fd.jpg?w=401&amp;ssl=1 401w, https:\/\/i0.wp.com\/paslanmazimalat.com\/wp-content\/uploads\/2024\/05\/3ea0fb7a5d080c50d03131f8c4fcf8fd.jpg?resize=201%2C300&amp;ssl=1 201w\" sizes=\"auto, (max-width: 401px) 100vw, 401px\" data-recalc-dims=\"1\" \/><button\n\t\t\tclass=\"lightbox-trigger\"\n\t\t\ttype=\"button\"\n\t\t\taria-haspopup=\"dialog\"\n\t\t\taria-label=\"B\u00fcy\u00fct\"\n\t\t\tdata-wp-init=\"callbacks.initTriggerButton\"\n\t\t\tdata-wp-on--click=\"actions.showLightbox\"\n\t\t\tdata-wp-style--right=\"state.imageButtonRight\"\n\t\t\tdata-wp-style--top=\"state.imageButtonTop\"\n\t\t>\n\t\t\t<svg xmlns=\"http:\/\/www.w3.org\/2000\/svg\" width=\"12\" height=\"12\" fill=\"none\" viewBox=\"0 0 12 12\">\n\t\t\t\t<path fill=\"#fff\" d=\"M2 0a2 2 0 0 0-2 2v2h1.5V2a.5.5 0 0 1 .5-.5h2V0H2Zm2 10.5H2a.5.5 0 0 1-.5-.5V8H0v2a2 2 0 0 0 2 2h2v-1.5ZM8 12v-1.5h2a.5.5 0 0 0 .5-.5V8H12v2a2 2 0 0 1-2 2H8Zm2-12a2 2 0 0 1 2 2v2h-1.5V2a.5.5 0 0 0-.5-.5H8V0h2Z\" \/>\n\t\t\t<\/svg>\n\t\t<\/button><\/figure>\n<\/figure>\n<\/div>\n\n\n\n<p><strong>Teknik \u00d6zellikler<\/strong><\/p>\n\n\n\n<p>Paslanmaz metal kayd\u0131raklar\u0131m\u0131z, hem t\u00fcp hem de d\u00fcz modellerde, \u00fcst\u00fcn kalite ve g\u00fcvenlik standartlar\u0131na g\u00f6re \u00fcretilmi\u015ftir. Y\u00fcksek kaliteli paslanmaz \u00e7elik malzemeden yap\u0131lan kayd\u0131raklar\u0131m\u0131z, korozyona ve a\u015f\u0131nmaya kar\u015f\u0131 maksimum diren\u00e7 g\u00f6sterir. T\u00fcp kayd\u0131raklar\u0131m\u0131z, p\u00fcr\u00fczs\u00fcz ve kapal\u0131 yap\u0131s\u0131yla \u00e7ocuklar\u0131n g\u00fcvenli bir \u015fekilde kaymas\u0131n\u0131 sa\u011flarken, d\u00fcz kayd\u0131raklar\u0131m\u0131z geni\u015f ve kaygan y\u00fczeyi ile e\u011flenceli ve g\u00fcvenli bir oyun deneyimi sunar. Kayd\u0131raklar\u0131n montaj\u0131 kolayd\u0131r ve minimum bak\u0131m gerektirir, bu da uzun \u00f6m\u00fcrl\u00fc ve dayan\u0131kl\u0131 bir kullan\u0131m sa\u011flar.<\/p>\n\n\n\n<figure class=\"wp-block-gallery alignwide has-nested-images columns-4 is-cropped wp-block-gallery-2 is-layout-flex wp-block-gallery-is-layout-flex\">\n<figure data-wp-context=\"{&quot;imageId&quot;:&quot;69e1fda19b9e2&quot;}\" data-wp-interactive=\"core\/image\" data-wp-key=\"69e1fda19b9e2\" class=\"wp-block-image size-full wp-lightbox-container\"><img loading=\"lazy\" decoding=\"async\" width=\"563\" height=\"634\" data-wp-class--hide=\"state.isContentHidden\" data-wp-class--show=\"state.isContentVisible\" data-wp-init=\"callbacks.setButtonStyles\" data-wp-on--click=\"actions.showLightbox\" data-wp-on--load=\"callbacks.setButtonStyles\" data-wp-on-window--resize=\"callbacks.setButtonStyles\" data-id=\"81\" src=\"https:\/\/i0.wp.com\/paslanmazimalat.com\/wp-content\/uploads\/2024\/05\/7ad994086955acbd6cbe9f2f60640fce.jpg?resize=563%2C634&#038;ssl=1\" alt=\"\" class=\"wp-image-81\" srcset=\"https:\/\/i0.wp.com\/paslanmazimalat.com\/wp-content\/uploads\/2024\/05\/7ad994086955acbd6cbe9f2f60640fce.jpg?w=563&amp;ssl=1 563w, https:\/\/i0.wp.com\/paslanmazimalat.com\/wp-content\/uploads\/2024\/05\/7ad994086955acbd6cbe9f2f60640fce.jpg?resize=266%2C300&amp;ssl=1 266w\" sizes=\"auto, (max-width: 563px) 100vw, 563px\" data-recalc-dims=\"1\" \/><button\n\t\t\tclass=\"lightbox-trigger\"\n\t\t\ttype=\"button\"\n\t\t\taria-haspopup=\"dialog\"\n\t\t\taria-label=\"B\u00fcy\u00fct\"\n\t\t\tdata-wp-init=\"callbacks.initTriggerButton\"\n\t\t\tdata-wp-on--click=\"actions.showLightbox\"\n\t\t\tdata-wp-style--right=\"state.imageButtonRight\"\n\t\t\tdata-wp-style--top=\"state.imageButtonTop\"\n\t\t>\n\t\t\t<svg xmlns=\"http:\/\/www.w3.org\/2000\/svg\" width=\"12\" height=\"12\" fill=\"none\" viewBox=\"0 0 12 12\">\n\t\t\t\t<path fill=\"#fff\" d=\"M2 0a2 2 0 0 0-2 2v2h1.5V2a.5.5 0 0 1 .5-.5h2V0H2Zm2 10.5H2a.5.5 0 0 1-.5-.5V8H0v2a2 2 0 0 0 2 2h2v-1.5ZM8 12v-1.5h2a.5.5 0 0 0 .5-.5V8H12v2a2 2 0 0 1-2 2H8Zm2-12a2 2 0 0 1 2 2v2h-1.5V2a.5.5 0 0 0-.5-.5H8V0h2Z\" \/>\n\t\t\t<\/svg>\n\t\t<\/button><\/figure>\n\n\n\n<figure data-wp-context=\"{&quot;imageId&quot;:&quot;69e1fda19beca&quot;}\" data-wp-interactive=\"core\/image\" data-wp-key=\"69e1fda19beca\" class=\"wp-block-image size-full wp-lightbox-container\"><img loading=\"lazy\" decoding=\"async\" width=\"650\" height=\"650\" data-wp-class--hide=\"state.isContentHidden\" data-wp-class--show=\"state.isContentVisible\" data-wp-init=\"callbacks.setButtonStyles\" data-wp-on--click=\"actions.showLightbox\" data-wp-on--load=\"callbacks.setButtonStyles\" data-wp-on-window--resize=\"callbacks.setButtonStyles\" data-id=\"88\" src=\"https:\/\/i0.wp.com\/paslanmazimalat.com\/wp-content\/uploads\/2024\/05\/f8b0d5e51d8e214bea64bdfdc7c13be3.jpg?resize=650%2C650&#038;ssl=1\" alt=\"\" class=\"wp-image-88\" srcset=\"https:\/\/i0.wp.com\/paslanmazimalat.com\/wp-content\/uploads\/2024\/05\/f8b0d5e51d8e214bea64bdfdc7c13be3.jpg?w=650&amp;ssl=1 650w, https:\/\/i0.wp.com\/paslanmazimalat.com\/wp-content\/uploads\/2024\/05\/f8b0d5e51d8e214bea64bdfdc7c13be3.jpg?resize=300%2C300&amp;ssl=1 300w, https:\/\/i0.wp.com\/paslanmazimalat.com\/wp-content\/uploads\/2024\/05\/f8b0d5e51d8e214bea64bdfdc7c13be3.jpg?resize=150%2C150&amp;ssl=1 150w\" sizes=\"auto, (max-width: 650px) 100vw, 650px\" data-recalc-dims=\"1\" \/><button\n\t\t\tclass=\"lightbox-trigger\"\n\t\t\ttype=\"button\"\n\t\t\taria-haspopup=\"dialog\"\n\t\t\taria-label=\"B\u00fcy\u00fct\"\n\t\t\tdata-wp-init=\"callbacks.initTriggerButton\"\n\t\t\tdata-wp-on--click=\"actions.showLightbox\"\n\t\t\tdata-wp-style--right=\"state.imageButtonRight\"\n\t\t\tdata-wp-style--top=\"state.imageButtonTop\"\n\t\t>\n\t\t\t<svg xmlns=\"http:\/\/www.w3.org\/2000\/svg\" width=\"12\" height=\"12\" fill=\"none\" viewBox=\"0 0 12 12\">\n\t\t\t\t<path fill=\"#fff\" d=\"M2 0a2 2 0 0 0-2 2v2h1.5V2a.5.5 0 0 1 .5-.5h2V0H2Zm2 10.5H2a.5.5 0 0 1-.5-.5V8H0v2a2 2 0 0 0 2 2h2v-1.5ZM8 12v-1.5h2a.5.5 0 0 0 .5-.5V8H12v2a2 2 0 0 1-2 2H8Zm2-12a2 2 0 0 1 2 2v2h-1.5V2a.5.5 0 0 0-.5-.5H8V0h2Z\" \/>\n\t\t\t<\/svg>\n\t\t<\/button><\/figure>\n\n\n\n<figure data-wp-context=\"{&quot;imageId&quot;:&quot;69e1fda19c3cb&quot;}\" data-wp-interactive=\"core\/image\" data-wp-key=\"69e1fda19c3cb\" class=\"wp-block-image size-full wp-lightbox-container\"><img loading=\"lazy\" decoding=\"async\" width=\"563\" height=\"375\" data-wp-class--hide=\"state.isContentHidden\" data-wp-class--show=\"state.isContentVisible\" data-wp-init=\"callbacks.setButtonStyles\" data-wp-on--click=\"actions.showLightbox\" data-wp-on--load=\"callbacks.setButtonStyles\" data-wp-on-window--resize=\"callbacks.setButtonStyles\" data-id=\"82\" src=\"https:\/\/i0.wp.com\/paslanmazimalat.com\/wp-content\/uploads\/2024\/05\/50deceb951c90d3f29af49a06a491fe1.jpg?resize=563%2C375&#038;ssl=1\" alt=\"\" class=\"wp-image-82\" srcset=\"https:\/\/i0.wp.com\/paslanmazimalat.com\/wp-content\/uploads\/2024\/05\/50deceb951c90d3f29af49a06a491fe1.jpg?w=563&amp;ssl=1 563w, https:\/\/i0.wp.com\/paslanmazimalat.com\/wp-content\/uploads\/2024\/05\/50deceb951c90d3f29af49a06a491fe1.jpg?resize=300%2C200&amp;ssl=1 300w\" sizes=\"auto, (max-width: 563px) 100vw, 563px\" data-recalc-dims=\"1\" \/><button\n\t\t\tclass=\"lightbox-trigger\"\n\t\t\ttype=\"button\"\n\t\t\taria-haspopup=\"dialog\"\n\t\t\taria-label=\"B\u00fcy\u00fct\"\n\t\t\tdata-wp-init=\"callbacks.initTriggerButton\"\n\t\t\tdata-wp-on--click=\"actions.showLightbox\"\n\t\t\tdata-wp-style--right=\"state.imageButtonRight\"\n\t\t\tdata-wp-style--top=\"state.imageButtonTop\"\n\t\t>\n\t\t\t<svg xmlns=\"http:\/\/www.w3.org\/2000\/svg\" width=\"12\" height=\"12\" fill=\"none\" viewBox=\"0 0 12 12\">\n\t\t\t\t<path fill=\"#fff\" d=\"M2 0a2 2 0 0 0-2 2v2h1.5V2a.5.5 0 0 1 .5-.5h2V0H2Zm2 10.5H2a.5.5 0 0 1-.5-.5V8H0v2a2 2 0 0 0 2 2h2v-1.5ZM8 12v-1.5h2a.5.5 0 0 0 .5-.5V8H12v2a2 2 0 0 1-2 2H8Zm2-12a2 2 0 0 1 2 2v2h-1.5V2a.5.5 0 0 0-.5-.5H8V0h2Z\" \/>\n\t\t\t<\/svg>\n\t\t<\/button><\/figure>\n\n\n\n<figure data-wp-context=\"{&quot;imageId&quot;:&quot;69e1fda19c846&quot;}\" data-wp-interactive=\"core\/image\" data-wp-key=\"69e1fda19c846\" class=\"wp-block-image size-full wp-lightbox-container\"><img loading=\"lazy\" decoding=\"async\" width=\"344\" height=\"400\" data-wp-class--hide=\"state.isContentHidden\" data-wp-class--show=\"state.isContentVisible\" data-wp-init=\"callbacks.setButtonStyles\" data-wp-on--click=\"actions.showLightbox\" data-wp-on--load=\"callbacks.setButtonStyles\" data-wp-on-window--resize=\"callbacks.setButtonStyles\" data-id=\"80\" src=\"https:\/\/i0.wp.com\/paslanmazimalat.com\/wp-content\/uploads\/2024\/05\/5f3089e7aba7af7db914fcc14500e486.jpg?resize=344%2C400&#038;ssl=1\" alt=\"\" class=\"wp-image-80\" srcset=\"https:\/\/i0.wp.com\/paslanmazimalat.com\/wp-content\/uploads\/2024\/05\/5f3089e7aba7af7db914fcc14500e486.jpg?w=344&amp;ssl=1 344w, https:\/\/i0.wp.com\/paslanmazimalat.com\/wp-content\/uploads\/2024\/05\/5f3089e7aba7af7db914fcc14500e486.jpg?resize=258%2C300&amp;ssl=1 258w\" sizes=\"auto, (max-width: 344px) 100vw, 344px\" data-recalc-dims=\"1\" \/><button\n\t\t\tclass=\"lightbox-trigger\"\n\t\t\ttype=\"button\"\n\t\t\taria-haspopup=\"dialog\"\n\t\t\taria-label=\"B\u00fcy\u00fct\"\n\t\t\tdata-wp-init=\"callbacks.initTriggerButton\"\n\t\t\tdata-wp-on--click=\"actions.showLightbox\"\n\t\t\tdata-wp-style--right=\"state.imageButtonRight\"\n\t\t\tdata-wp-style--top=\"state.imageButtonTop\"\n\t\t>\n\t\t\t<svg xmlns=\"http:\/\/www.w3.org\/2000\/svg\" width=\"12\" height=\"12\" fill=\"none\" viewBox=\"0 0 12 12\">\n\t\t\t\t<path fill=\"#fff\" d=\"M2 0a2 2 0 0 0-2 2v2h1.5V2a.5.5 0 0 1 .5-.5h2V0H2Zm2 10.5H2a.5.5 0 0 1-.5-.5V8H0v2a2 2 0 0 0 2 2h2v-1.5ZM8 12v-1.5h2a.5.5 0 0 0 .5-.5V8H12v2a2 2 0 0 1-2 2H8Zm2-12a2 2 0 0 1 2 2v2h-1.5V2a.5.5 0 0 0-.5-.5H8V0h2Z\" \/>\n\t\t\t<\/svg>\n\t\t<\/button><\/figure>\n<\/figure>\n\n\n\n<p><strong>Sat\u0131\u015f \u00d6zellikleri<\/strong><\/p>\n\n\n\n<p>Paslanmaz metal kayd\u0131raklar\u0131m\u0131z, park, oyun alan\u0131, okul ve al\u0131\u015fveri\u015f merkezi gibi \u00e7e\u015fitli mekanlar i\u00e7in ideal bir se\u00e7imdir. Estetik tasar\u0131m\u0131 ve sa\u011flam yap\u0131s\u0131yla, hem \u00e7ocuklar\u0131n hem de ebeveynlerin be\u011fenisini kazan\u0131r. Kayd\u0131raklar\u0131m\u0131z, g\u00fcvenlik ve dayan\u0131kl\u0131l\u0131k standartlar\u0131n\u0131 kar\u015f\u0131lad\u0131\u011f\u0131 i\u00e7in yat\u0131r\u0131m\u0131n\u0131z\u0131n kar\u015f\u0131l\u0131\u011f\u0131n\u0131 fazlas\u0131yla verir. Rekabet\u00e7i fiyatlar\u0131m\u0131z ve h\u0131zl\u0131 teslimat se\u00e7eneklerimizle, m\u00fc\u015fteri memnuniyetini en \u00fcst d\u00fczeyde tutmay\u0131 ama\u00e7l\u0131yoruz. Uzun \u00f6m\u00fcrl\u00fc, g\u00fcvenli ve \u015f\u0131k bir oyun alan\u0131 \u00e7\u00f6z\u00fcm\u00fc arayan herkes i\u00e7in paslanmaz metal kayd\u0131raklar\u0131m\u0131z m\u00fckemmel bir tercihtir.<\/p>\n\n\n\n<figure class=\"wp-block-gallery alignwide has-nested-images columns-4 is-cropped wp-block-gallery-3 is-layout-flex wp-block-gallery-is-layout-flex\">\n<figure data-wp-context=\"{&quot;imageId&quot;:&quot;69e1fda19cdd2&quot;}\" data-wp-interactive=\"core\/image\" data-wp-key=\"69e1fda19cdd2\" class=\"wp-block-image size-full wp-lightbox-container\"><img loading=\"lazy\" decoding=\"async\" width=\"256\" height=\"367\" data-wp-class--hide=\"state.isContentHidden\" data-wp-class--show=\"state.isContentVisible\" data-wp-init=\"callbacks.setButtonStyles\" data-wp-on--click=\"actions.showLightbox\" data-wp-on--load=\"callbacks.setButtonStyles\" data-wp-on-window--resize=\"callbacks.setButtonStyles\" data-id=\"83\" src=\"https:\/\/i0.wp.com\/paslanmazimalat.com\/wp-content\/uploads\/2024\/05\/98f431c7edd7179fc8f851a5f3f532fa.jpg?resize=256%2C367&#038;ssl=1\" alt=\"\" class=\"wp-image-83\" srcset=\"https:\/\/i0.wp.com\/paslanmazimalat.com\/wp-content\/uploads\/2024\/05\/98f431c7edd7179fc8f851a5f3f532fa.jpg?w=256&amp;ssl=1 256w, https:\/\/i0.wp.com\/paslanmazimalat.com\/wp-content\/uploads\/2024\/05\/98f431c7edd7179fc8f851a5f3f532fa.jpg?resize=209%2C300&amp;ssl=1 209w\" sizes=\"auto, (max-width: 256px) 100vw, 256px\" data-recalc-dims=\"1\" \/><button\n\t\t\tclass=\"lightbox-trigger\"\n\t\t\ttype=\"button\"\n\t\t\taria-haspopup=\"dialog\"\n\t\t\taria-label=\"B\u00fcy\u00fct\"\n\t\t\tdata-wp-init=\"callbacks.initTriggerButton\"\n\t\t\tdata-wp-on--click=\"actions.showLightbox\"\n\t\t\tdata-wp-style--right=\"state.imageButtonRight\"\n\t\t\tdata-wp-style--top=\"state.imageButtonTop\"\n\t\t>\n\t\t\t<svg xmlns=\"http:\/\/www.w3.org\/2000\/svg\" width=\"12\" height=\"12\" fill=\"none\" viewBox=\"0 0 12 12\">\n\t\t\t\t<path fill=\"#fff\" d=\"M2 0a2 2 0 0 0-2 2v2h1.5V2a.5.5 0 0 1 .5-.5h2V0H2Zm2 10.5H2a.5.5 0 0 1-.5-.5V8H0v2a2 2 0 0 0 2 2h2v-1.5ZM8 12v-1.5h2a.5.5 0 0 0 .5-.5V8H12v2a2 2 0 0 1-2 2H8Zm2-12a2 2 0 0 1 2 2v2h-1.5V2a.5.5 0 0 0-.5-.5H8V0h2Z\" \/>\n\t\t\t<\/svg>\n\t\t<\/button><\/figure>\n\n\n\n<figure data-wp-context=\"{&quot;imageId&quot;:&quot;69e1fda19d251&quot;}\" data-wp-interactive=\"core\/image\" data-wp-key=\"69e1fda19d251\" class=\"wp-block-image size-full wp-lightbox-container\"><img loading=\"lazy\" decoding=\"async\" width=\"564\" height=\"423\" data-wp-class--hide=\"state.isContentHidden\" data-wp-class--show=\"state.isContentVisible\" data-wp-init=\"callbacks.setButtonStyles\" data-wp-on--click=\"actions.showLightbox\" data-wp-on--load=\"callbacks.setButtonStyles\" data-wp-on-window--resize=\"callbacks.setButtonStyles\" data-id=\"84\" src=\"https:\/\/i0.wp.com\/paslanmazimalat.com\/wp-content\/uploads\/2024\/05\/916cad5f58eb834df39708538f921097.jpg?resize=564%2C423&#038;ssl=1\" alt=\"\" class=\"wp-image-84\" srcset=\"https:\/\/i0.wp.com\/paslanmazimalat.com\/wp-content\/uploads\/2024\/05\/916cad5f58eb834df39708538f921097.jpg?w=564&amp;ssl=1 564w, https:\/\/i0.wp.com\/paslanmazimalat.com\/wp-content\/uploads\/2024\/05\/916cad5f58eb834df39708538f921097.jpg?resize=300%2C225&amp;ssl=1 300w\" sizes=\"auto, (max-width: 564px) 100vw, 564px\" data-recalc-dims=\"1\" \/><button\n\t\t\tclass=\"lightbox-trigger\"\n\t\t\ttype=\"button\"\n\t\t\taria-haspopup=\"dialog\"\n\t\t\taria-label=\"B\u00fcy\u00fct\"\n\t\t\tdata-wp-init=\"callbacks.initTriggerButton\"\n\t\t\tdata-wp-on--click=\"actions.showLightbox\"\n\t\t\tdata-wp-style--right=\"state.imageButtonRight\"\n\t\t\tdata-wp-style--top=\"state.imageButtonTop\"\n\t\t>\n\t\t\t<svg xmlns=\"http:\/\/www.w3.org\/2000\/svg\" width=\"12\" height=\"12\" fill=\"none\" viewBox=\"0 0 12 12\">\n\t\t\t\t<path fill=\"#fff\" d=\"M2 0a2 2 0 0 0-2 2v2h1.5V2a.5.5 0 0 1 .5-.5h2V0H2Zm2 10.5H2a.5.5 0 0 1-.5-.5V8H0v2a2 2 0 0 0 2 2h2v-1.5ZM8 12v-1.5h2a.5.5 0 0 0 .5-.5V8H12v2a2 2 0 0 1-2 2H8Zm2-12a2 2 0 0 1 2 2v2h-1.5V2a.5.5 0 0 0-.5-.5H8V0h2Z\" \/>\n\t\t\t<\/svg>\n\t\t<\/button><\/figure>\n\n\n\n<figure data-wp-context=\"{&quot;imageId&quot;:&quot;69e1fda19d6f4&quot;}\" data-wp-interactive=\"core\/image\" data-wp-key=\"69e1fda19d6f4\" class=\"wp-block-image size-full wp-lightbox-container\"><img loading=\"lazy\" decoding=\"async\" width=\"564\" height=\"846\" data-wp-class--hide=\"state.isContentHidden\" data-wp-class--show=\"state.isContentVisible\" data-wp-init=\"callbacks.setButtonStyles\" data-wp-on--click=\"actions.showLightbox\" data-wp-on--load=\"callbacks.setButtonStyles\" data-wp-on-window--resize=\"callbacks.setButtonStyles\" data-id=\"86\" src=\"https:\/\/i0.wp.com\/paslanmazimalat.com\/wp-content\/uploads\/2024\/05\/c5e7c5328bfbec290c07249949998c36.jpg?resize=564%2C846&#038;ssl=1\" alt=\"\" class=\"wp-image-86\" srcset=\"https:\/\/i0.wp.com\/paslanmazimalat.com\/wp-content\/uploads\/2024\/05\/c5e7c5328bfbec290c07249949998c36.jpg?w=564&amp;ssl=1 564w, https:\/\/i0.wp.com\/paslanmazimalat.com\/wp-content\/uploads\/2024\/05\/c5e7c5328bfbec290c07249949998c36.jpg?resize=200%2C300&amp;ssl=1 200w\" sizes=\"auto, (max-width: 564px) 100vw, 564px\" data-recalc-dims=\"1\" \/><button\n\t\t\tclass=\"lightbox-trigger\"\n\t\t\ttype=\"button\"\n\t\t\taria-haspopup=\"dialog\"\n\t\t\taria-label=\"B\u00fcy\u00fct\"\n\t\t\tdata-wp-init=\"callbacks.initTriggerButton\"\n\t\t\tdata-wp-on--click=\"actions.showLightbox\"\n\t\t\tdata-wp-style--right=\"state.imageButtonRight\"\n\t\t\tdata-wp-style--top=\"state.imageButtonTop\"\n\t\t>\n\t\t\t<svg xmlns=\"http:\/\/www.w3.org\/2000\/svg\" width=\"12\" height=\"12\" fill=\"none\" viewBox=\"0 0 12 12\">\n\t\t\t\t<path fill=\"#fff\" d=\"M2 0a2 2 0 0 0-2 2v2h1.5V2a.5.5 0 0 1 .5-.5h2V0H2Zm2 10.5H2a.5.5 0 0 1-.5-.5V8H0v2a2 2 0 0 0 2 2h2v-1.5ZM8 12v-1.5h2a.5.5 0 0 0 .5-.5V8H12v2a2 2 0 0 1-2 2H8Zm2-12a2 2 0 0 1 2 2v2h-1.5V2a.5.5 0 0 0-.5-.5H8V0h2Z\" \/>\n\t\t\t<\/svg>\n\t\t<\/button><\/figure>\n\n\n\n<figure data-wp-context=\"{&quot;imageId&quot;:&quot;69e1fda19dba2&quot;}\" data-wp-interactive=\"core\/image\" data-wp-key=\"69e1fda19dba2\" class=\"wp-block-image size-full wp-lightbox-container\"><img loading=\"lazy\" decoding=\"async\" width=\"564\" height=\"564\" data-wp-class--hide=\"state.isContentHidden\" data-wp-class--show=\"state.isContentVisible\" data-wp-init=\"callbacks.setButtonStyles\" data-wp-on--click=\"actions.showLightbox\" data-wp-on--load=\"callbacks.setButtonStyles\" data-wp-on-window--resize=\"callbacks.setButtonStyles\" data-id=\"78\" src=\"https:\/\/i0.wp.com\/paslanmazimalat.com\/wp-content\/uploads\/2024\/05\/f48169269fdd15e0fa6af033a75547f5.jpg?resize=564%2C564&#038;ssl=1\" alt=\"\" class=\"wp-image-78\" srcset=\"https:\/\/i0.wp.com\/paslanmazimalat.com\/wp-content\/uploads\/2024\/05\/f48169269fdd15e0fa6af033a75547f5.jpg?w=564&amp;ssl=1 564w, https:\/\/i0.wp.com\/paslanmazimalat.com\/wp-content\/uploads\/2024\/05\/f48169269fdd15e0fa6af033a75547f5.jpg?resize=300%2C300&amp;ssl=1 300w, https:\/\/i0.wp.com\/paslanmazimalat.com\/wp-content\/uploads\/2024\/05\/f48169269fdd15e0fa6af033a75547f5.jpg?resize=150%2C150&amp;ssl=1 150w\" sizes=\"auto, (max-width: 564px) 100vw, 564px\" data-recalc-dims=\"1\" \/><button\n\t\t\tclass=\"lightbox-trigger\"\n\t\t\ttype=\"button\"\n\t\t\taria-haspopup=\"dialog\"\n\t\t\taria-label=\"B\u00fcy\u00fct\"\n\t\t\tdata-wp-init=\"callbacks.initTriggerButton\"\n\t\t\tdata-wp-on--click=\"actions.showLightbox\"\n\t\t\tdata-wp-style--right=\"state.imageButtonRight\"\n\t\t\tdata-wp-style--top=\"state.imageButtonTop\"\n\t\t>\n\t\t\t<svg xmlns=\"http:\/\/www.w3.org\/2000\/svg\" width=\"12\" height=\"12\" fill=\"none\" viewBox=\"0 0 12 12\">\n\t\t\t\t<path fill=\"#fff\" d=\"M2 0a2 2 0 0 0-2 2v2h1.5V2a.5.5 0 0 1 .5-.5h2V0H2Zm2 10.5H2a.5.5 0 0 1-.5-.5V8H0v2a2 2 0 0 0 2 2h2v-1.5ZM8 12v-1.5h2a.5.5 0 0 0 .5-.5V8H12v2a2 2 0 0 1-2 2H8Zm2-12a2 2 0 0 1 2 2v2h-1.5V2a.5.5 0 0 0-.5-.5H8V0h2Z\" \/>\n\t\t\t<\/svg>\n\t\t<\/button><\/figure>\n<\/figure>\n","protected":false},"excerpt":{"rendered":"<p>Teknik \u00d6zellikler Paslanmaz metal kayd\u0131raklar\u0131m\u0131z, hem t\u00fcp hem de d\u00fcz modellerde, \u00fcst\u00fcn kalite ve g\u00fcvenlik standartlar\u0131na g\u00f6re \u00fcretilmi\u015ftir. Y\u00fcksek kaliteli paslanmaz \u00e7elik malzemeden yap\u0131lan kayd\u0131raklar\u0131m\u0131z, korozyona ve a\u015f\u0131nmaya kar\u015f\u0131 maksimum diren\u00e7 g\u00f6sterir. T\u00fcp kayd\u0131raklar\u0131m\u0131z, p\u00fcr\u00fczs\u00fcz ve kapal\u0131 yap\u0131s\u0131yla \u00e7ocuklar\u0131n g\u00fcvenli bir \u015fekilde kaymas\u0131n\u0131 sa\u011flarken, d\u00fcz kayd\u0131raklar\u0131m\u0131z geni\u015f ve kaygan y\u00fczeyi ile e\u011flenceli ve g\u00fcvenli bir [&hellip;]<\/p>\n","protected":false},"author":1,"featured_media":0,"parent":0,"menu_order":0,"comment_status":"closed","ping_status":"closed","template":"","meta":{"footnotes":""},"class_list":["post-26","page","type-page","status-publish","hentry"],"jetpack_sharing_enabled":true,"_links":{"self":[{"href":"https:\/\/paslanmazimalat.com\/index.php\/wp-json\/wp\/v2\/pages\/26","targetHints":{"allow":["GET"]}}],"collection":[{"href":"https:\/\/paslanmazimalat.com\/index.php\/wp-json\/wp\/v2\/pages"}],"about":[{"href":"https:\/\/paslanmazimalat.com\/index.php\/wp-json\/wp\/v2\/types\/page"}],"author":[{"embeddable":true,"href":"https:\/\/paslanmazimalat.com\/index.php\/wp-json\/wp\/v2\/users\/1"}],"replies":[{"embeddable":true,"href":"https:\/\/paslanmazimalat.com\/index.php\/wp-json\/wp\/v2\/comments?post=26"}],"version-history":[{"count":4,"href":"https:\/\/paslanmazimalat.com\/index.php\/wp-json\/wp\/v2\/pages\/26\/revisions"}],"predecessor-version":[{"id":96,"href":"https:\/\/paslanmazimalat.com\/index.php\/wp-json\/wp\/v2\/pages\/26\/revisions\/96"}],"wp:attachment":[{"href":"https:\/\/paslanmazimalat.com\/index.php\/wp-json\/wp\/v2\/media?parent=26"}],"curies":[{"name":"wp","href":"https:\/\/api.w.org\/{rel}","templated":true}]}}