{"id":34,"date":"2024-05-21T20:06:25","date_gmt":"2024-05-21T20:06:25","guid":{"rendered":"https:\/\/paslanmazimalat.com\/?page_id=34"},"modified":"2024-06-15T20:24:04","modified_gmt":"2024-06-15T20:24:04","slug":"denizcilik-paslanmaz-imalatlari","status":"publish","type":"page","link":"https:\/\/paslanmazimalat.com\/index.php\/denizcilik-paslanmaz-imalatlari\/","title":{"rendered":"Denizcilik Paslanmaz \u0130malatlar\u0131"},"content":{"rendered":"\n<figure class=\"wp-block-gallery has-nested-images columns-default is-cropped wp-block-gallery-1 is-layout-flex wp-block-gallery-is-layout-flex\">\n<figure data-wp-context=\"{&quot;imageId&quot;:&quot;69e20e229466d&quot;}\" data-wp-interactive=\"core\/image\" data-wp-key=\"69e20e229466d\" class=\"wp-block-image size-large wp-lightbox-container\"><img loading=\"lazy\" decoding=\"async\" width=\"691\" height=\"486\" data-wp-class--hide=\"state.isContentHidden\" data-wp-class--show=\"state.isContentVisible\" data-wp-init=\"callbacks.setButtonStyles\" data-wp-on--click=\"actions.showLightbox\" data-wp-on--load=\"callbacks.setButtonStyles\" data-wp-on-window--resize=\"callbacks.setButtonStyles\" data-id=\"39\" src=\"https:\/\/i0.wp.com\/paslanmazimalat.com\/wp-content\/uploads\/2024\/05\/WhatsApp-Image-2024-05-10-at-08.57.37-1.jpeg?resize=691%2C486&#038;ssl=1\" alt=\"\" class=\"wp-image-39\" srcset=\"https:\/\/i0.wp.com\/paslanmazimalat.com\/wp-content\/uploads\/2024\/05\/WhatsApp-Image-2024-05-10-at-08.57.37-1.jpeg?w=691&amp;ssl=1 691w, https:\/\/i0.wp.com\/paslanmazimalat.com\/wp-content\/uploads\/2024\/05\/WhatsApp-Image-2024-05-10-at-08.57.37-1.jpeg?resize=300%2C211&amp;ssl=1 300w\" sizes=\"auto, (max-width: 691px) 100vw, 691px\" data-recalc-dims=\"1\" \/><button\n\t\t\tclass=\"lightbox-trigger\"\n\t\t\ttype=\"button\"\n\t\t\taria-haspopup=\"dialog\"\n\t\t\taria-label=\"B\u00fcy\u00fct\"\n\t\t\tdata-wp-init=\"callbacks.initTriggerButton\"\n\t\t\tdata-wp-on--click=\"actions.showLightbox\"\n\t\t\tdata-wp-style--right=\"state.imageButtonRight\"\n\t\t\tdata-wp-style--top=\"state.imageButtonTop\"\n\t\t>\n\t\t\t<svg xmlns=\"http:\/\/www.w3.org\/2000\/svg\" width=\"12\" height=\"12\" fill=\"none\" viewBox=\"0 0 12 12\">\n\t\t\t\t<path fill=\"#fff\" d=\"M2 0a2 2 0 0 0-2 2v2h1.5V2a.5.5 0 0 1 .5-.5h2V0H2Zm2 10.5H2a.5.5 0 0 1-.5-.5V8H0v2a2 2 0 0 0 2 2h2v-1.5ZM8 12v-1.5h2a.5.5 0 0 0 .5-.5V8H12v2a2 2 0 0 1-2 2H8Zm2-12a2 2 0 0 1 2 2v2h-1.5V2a.5.5 0 0 0-.5-.5H8V0h2Z\" \/>\n\t\t\t<\/svg>\n\t\t<\/button><figcaption class=\"wp-element-caption\">Ba\u015f Makaras\u0131<\/figcaption><\/figure>\n\n\n\n<figure data-wp-context=\"{&quot;imageId&quot;:&quot;69e20e2294b32&quot;}\" data-wp-interactive=\"core\/image\" data-wp-key=\"69e20e2294b32\" class=\"wp-block-image size-large wp-lightbox-container\"><img loading=\"lazy\" decoding=\"async\" width=\"663\" height=\"473\" data-wp-class--hide=\"state.isContentHidden\" data-wp-class--show=\"state.isContentVisible\" data-wp-init=\"callbacks.setButtonStyles\" data-wp-on--click=\"actions.showLightbox\" data-wp-on--load=\"callbacks.setButtonStyles\" data-wp-on-window--resize=\"callbacks.setButtonStyles\" data-id=\"38\" src=\"https:\/\/i0.wp.com\/paslanmazimalat.com\/wp-content\/uploads\/2024\/05\/WhatsApp-Image-2024-05-10-at-09.00.01.jpeg?resize=663%2C473&#038;ssl=1\" alt=\"\" class=\"wp-image-38\" srcset=\"https:\/\/i0.wp.com\/paslanmazimalat.com\/wp-content\/uploads\/2024\/05\/WhatsApp-Image-2024-05-10-at-09.00.01.jpeg?w=663&amp;ssl=1 663w, https:\/\/i0.wp.com\/paslanmazimalat.com\/wp-content\/uploads\/2024\/05\/WhatsApp-Image-2024-05-10-at-09.00.01.jpeg?resize=300%2C214&amp;ssl=1 300w\" sizes=\"auto, (max-width: 663px) 100vw, 663px\" data-recalc-dims=\"1\" \/><button\n\t\t\tclass=\"lightbox-trigger\"\n\t\t\ttype=\"button\"\n\t\t\taria-haspopup=\"dialog\"\n\t\t\taria-label=\"B\u00fcy\u00fct\"\n\t\t\tdata-wp-init=\"callbacks.initTriggerButton\"\n\t\t\tdata-wp-on--click=\"actions.showLightbox\"\n\t\t\tdata-wp-style--right=\"state.imageButtonRight\"\n\t\t\tdata-wp-style--top=\"state.imageButtonTop\"\n\t\t>\n\t\t\t<svg xmlns=\"http:\/\/www.w3.org\/2000\/svg\" width=\"12\" height=\"12\" fill=\"none\" viewBox=\"0 0 12 12\">\n\t\t\t\t<path fill=\"#fff\" d=\"M2 0a2 2 0 0 0-2 2v2h1.5V2a.5.5 0 0 1 .5-.5h2V0H2Zm2 10.5H2a.5.5 0 0 1-.5-.5V8H0v2a2 2 0 0 0 2 2h2v-1.5ZM8 12v-1.5h2a.5.5 0 0 0 .5-.5V8H12v2a2 2 0 0 1-2 2H8Zm2-12a2 2 0 0 1 2 2v2h-1.5V2a.5.5 0 0 0-.5-.5H8V0h2Z\" \/>\n\t\t\t<\/svg>\n\t\t<\/button><figcaption class=\"wp-element-caption\">S\u00fcvari Merdiveni<\/figcaption><\/figure>\n<\/figure>\n\n\n\n<figure class=\"wp-block-gallery has-nested-images columns-default is-cropped wp-block-gallery-2 is-layout-flex wp-block-gallery-is-layout-flex\">\n<figure data-wp-context=\"{&quot;imageId&quot;:&quot;69e20e22956bb&quot;}\" data-wp-interactive=\"core\/image\" data-wp-key=\"69e20e22956bb\" class=\"wp-block-image size-large wp-lightbox-container\"><img loading=\"lazy\" decoding=\"async\" width=\"768\" height=\"1024\" data-wp-class--hide=\"state.isContentHidden\" data-wp-class--show=\"state.isContentVisible\" data-wp-init=\"callbacks.setButtonStyles\" data-wp-on--click=\"actions.showLightbox\" data-wp-on--load=\"callbacks.setButtonStyles\" data-wp-on-window--resize=\"callbacks.setButtonStyles\" data-id=\"14\" src=\"https:\/\/i0.wp.com\/paslanmazimalat.com\/wp-content\/uploads\/2024\/05\/WhatsApp-Image-2024-05-10-at-08.56.57.jpeg?resize=768%2C1024&#038;ssl=1\" alt=\"\" class=\"wp-image-14\" srcset=\"https:\/\/i0.wp.com\/paslanmazimalat.com\/wp-content\/uploads\/2024\/05\/WhatsApp-Image-2024-05-10-at-08.56.57.jpeg?resize=768%2C1024&amp;ssl=1 768w, https:\/\/i0.wp.com\/paslanmazimalat.com\/wp-content\/uploads\/2024\/05\/WhatsApp-Image-2024-05-10-at-08.56.57.jpeg?resize=225%2C300&amp;ssl=1 225w, https:\/\/i0.wp.com\/paslanmazimalat.com\/wp-content\/uploads\/2024\/05\/WhatsApp-Image-2024-05-10-at-08.56.57.jpeg?resize=1152%2C1536&amp;ssl=1 1152w, https:\/\/i0.wp.com\/paslanmazimalat.com\/wp-content\/uploads\/2024\/05\/WhatsApp-Image-2024-05-10-at-08.56.57.jpeg?w=1200&amp;ssl=1 1200w\" sizes=\"auto, (max-width: 768px) 100vw, 768px\" data-recalc-dims=\"1\" \/><button\n\t\t\tclass=\"lightbox-trigger\"\n\t\t\ttype=\"button\"\n\t\t\taria-haspopup=\"dialog\"\n\t\t\taria-label=\"B\u00fcy\u00fct\"\n\t\t\tdata-wp-init=\"callbacks.initTriggerButton\"\n\t\t\tdata-wp-on--click=\"actions.showLightbox\"\n\t\t\tdata-wp-style--right=\"state.imageButtonRight\"\n\t\t\tdata-wp-style--top=\"state.imageButtonTop\"\n\t\t>\n\t\t\t<svg xmlns=\"http:\/\/www.w3.org\/2000\/svg\" width=\"12\" height=\"12\" fill=\"none\" viewBox=\"0 0 12 12\">\n\t\t\t\t<path fill=\"#fff\" d=\"M2 0a2 2 0 0 0-2 2v2h1.5V2a.5.5 0 0 1 .5-.5h2V0H2Zm2 10.5H2a.5.5 0 0 1-.5-.5V8H0v2a2 2 0 0 0 2 2h2v-1.5ZM8 12v-1.5h2a.5.5 0 0 0 .5-.5V8H12v2a2 2 0 0 1-2 2H8Zm2-12a2 2 0 0 1 2 2v2h-1.5V2a.5.5 0 0 0-.5-.5H8V0h2Z\" \/>\n\t\t\t<\/svg>\n\t\t<\/button><figcaption class=\"wp-element-caption\">Baston Vardavelas\u0131<\/figcaption><\/figure>\n\n\n\n<figure data-wp-context=\"{&quot;imageId&quot;:&quot;69e20e2295b7c&quot;}\" data-wp-interactive=\"core\/image\" data-wp-key=\"69e20e2295b7c\" class=\"wp-block-image size-large wp-lightbox-container\"><img loading=\"lazy\" decoding=\"async\" width=\"768\" height=\"1024\" data-wp-class--hide=\"state.isContentHidden\" data-wp-class--show=\"state.isContentVisible\" data-wp-init=\"callbacks.setButtonStyles\" data-wp-on--click=\"actions.showLightbox\" data-wp-on--load=\"callbacks.setButtonStyles\" data-wp-on-window--resize=\"callbacks.setButtonStyles\" data-id=\"15\" src=\"https:\/\/i0.wp.com\/paslanmazimalat.com\/wp-content\/uploads\/2024\/05\/WhatsApp-Image-2024-05-10-at-08.56.31-1.jpeg?resize=768%2C1024&#038;ssl=1\" alt=\"\" class=\"wp-image-15\" srcset=\"https:\/\/i0.wp.com\/paslanmazimalat.com\/wp-content\/uploads\/2024\/05\/WhatsApp-Image-2024-05-10-at-08.56.31-1.jpeg?w=768&amp;ssl=1 768w, https:\/\/i0.wp.com\/paslanmazimalat.com\/wp-content\/uploads\/2024\/05\/WhatsApp-Image-2024-05-10-at-08.56.31-1.jpeg?resize=225%2C300&amp;ssl=1 225w\" sizes=\"auto, (max-width: 768px) 100vw, 768px\" data-recalc-dims=\"1\" \/><button\n\t\t\tclass=\"lightbox-trigger\"\n\t\t\ttype=\"button\"\n\t\t\taria-haspopup=\"dialog\"\n\t\t\taria-label=\"B\u00fcy\u00fct\"\n\t\t\tdata-wp-init=\"callbacks.initTriggerButton\"\n\t\t\tdata-wp-on--click=\"actions.showLightbox\"\n\t\t\tdata-wp-style--right=\"state.imageButtonRight\"\n\t\t\tdata-wp-style--top=\"state.imageButtonTop\"\n\t\t>\n\t\t\t<svg xmlns=\"http:\/\/www.w3.org\/2000\/svg\" width=\"12\" height=\"12\" fill=\"none\" viewBox=\"0 0 12 12\">\n\t\t\t\t<path fill=\"#fff\" d=\"M2 0a2 2 0 0 0-2 2v2h1.5V2a.5.5 0 0 1 .5-.5h2V0H2Zm2 10.5H2a.5.5 0 0 1-.5-.5V8H0v2a2 2 0 0 0 2 2h2v-1.5ZM8 12v-1.5h2a.5.5 0 0 0 .5-.5V8H12v2a2 2 0 0 1-2 2H8Zm2-12a2 2 0 0 1 2 2v2h-1.5V2a.5.5 0 0 0-.5-.5H8V0h2Z\" \/>\n\t\t\t<\/svg>\n\t\t<\/button><figcaption class=\"wp-element-caption\">Baston Tak\u0131m\u0131<\/figcaption><\/figure>\n\n\n\n<figure data-wp-context=\"{&quot;imageId&quot;:&quot;69e20e2295fda&quot;}\" data-wp-interactive=\"core\/image\" data-wp-key=\"69e20e2295fda\" class=\"wp-block-image size-large wp-lightbox-container\"><img loading=\"lazy\" decoding=\"async\" width=\"768\" height=\"1024\" data-wp-class--hide=\"state.isContentHidden\" data-wp-class--show=\"state.isContentVisible\" data-wp-init=\"callbacks.setButtonStyles\" data-wp-on--click=\"actions.showLightbox\" data-wp-on--load=\"callbacks.setButtonStyles\" data-wp-on-window--resize=\"callbacks.setButtonStyles\" data-id=\"18\" src=\"https:\/\/i0.wp.com\/paslanmazimalat.com\/wp-content\/uploads\/2024\/05\/WhatsApp-Image-2024-05-10-at-08.58.23.jpeg?resize=768%2C1024&#038;ssl=1\" alt=\"\" class=\"wp-image-18\" srcset=\"https:\/\/i0.wp.com\/paslanmazimalat.com\/wp-content\/uploads\/2024\/05\/WhatsApp-Image-2024-05-10-at-08.58.23.jpeg?resize=768%2C1024&amp;ssl=1 768w, https:\/\/i0.wp.com\/paslanmazimalat.com\/wp-content\/uploads\/2024\/05\/WhatsApp-Image-2024-05-10-at-08.58.23.jpeg?resize=225%2C300&amp;ssl=1 225w, https:\/\/i0.wp.com\/paslanmazimalat.com\/wp-content\/uploads\/2024\/05\/WhatsApp-Image-2024-05-10-at-08.58.23.jpeg?resize=1152%2C1536&amp;ssl=1 1152w, https:\/\/i0.wp.com\/paslanmazimalat.com\/wp-content\/uploads\/2024\/05\/WhatsApp-Image-2024-05-10-at-08.58.23.jpeg?w=1200&amp;ssl=1 1200w\" sizes=\"auto, (max-width: 768px) 100vw, 768px\" data-recalc-dims=\"1\" \/><button\n\t\t\tclass=\"lightbox-trigger\"\n\t\t\ttype=\"button\"\n\t\t\taria-haspopup=\"dialog\"\n\t\t\taria-label=\"B\u00fcy\u00fct\"\n\t\t\tdata-wp-init=\"callbacks.initTriggerButton\"\n\t\t\tdata-wp-on--click=\"actions.showLightbox\"\n\t\t\tdata-wp-style--right=\"state.imageButtonRight\"\n\t\t\tdata-wp-style--top=\"state.imageButtonTop\"\n\t\t>\n\t\t\t<svg xmlns=\"http:\/\/www.w3.org\/2000\/svg\" width=\"12\" height=\"12\" fill=\"none\" viewBox=\"0 0 12 12\">\n\t\t\t\t<path fill=\"#fff\" d=\"M2 0a2 2 0 0 0-2 2v2h1.5V2a.5.5 0 0 1 .5-.5h2V0H2Zm2 10.5H2a.5.5 0 0 1-.5-.5V8H0v2a2 2 0 0 0 2 2h2v-1.5ZM8 12v-1.5h2a.5.5 0 0 0 .5-.5V8H12v2a2 2 0 0 1-2 2H8Zm2-12a2 2 0 0 1 2 2v2h-1.5V2a.5.5 0 0 0-.5-.5H8V0h2Z\" \/>\n\t\t\t<\/svg>\n\t\t<\/button><figcaption class=\"wp-element-caption\">Irgat Daplini<\/figcaption><\/figure>\n\n\n\n<figure data-wp-context=\"{&quot;imageId&quot;:&quot;69e20e2296434&quot;}\" data-wp-interactive=\"core\/image\" data-wp-key=\"69e20e2296434\" class=\"wp-block-image size-large wp-lightbox-container\"><img loading=\"lazy\" decoding=\"async\" width=\"768\" height=\"1024\" data-wp-class--hide=\"state.isContentHidden\" data-wp-class--show=\"state.isContentVisible\" data-wp-init=\"callbacks.setButtonStyles\" data-wp-on--click=\"actions.showLightbox\" data-wp-on--load=\"callbacks.setButtonStyles\" data-wp-on-window--resize=\"callbacks.setButtonStyles\" data-id=\"16\" src=\"https:\/\/i0.wp.com\/paslanmazimalat.com\/wp-content\/uploads\/2024\/05\/WhatsApp-Image-2024-05-10-at-08.58.05-1.jpeg?resize=768%2C1024&#038;ssl=1\" alt=\"\" class=\"wp-image-16\" srcset=\"https:\/\/i0.wp.com\/paslanmazimalat.com\/wp-content\/uploads\/2024\/05\/WhatsApp-Image-2024-05-10-at-08.58.05-1.jpeg?w=768&amp;ssl=1 768w, https:\/\/i0.wp.com\/paslanmazimalat.com\/wp-content\/uploads\/2024\/05\/WhatsApp-Image-2024-05-10-at-08.58.05-1.jpeg?resize=225%2C300&amp;ssl=1 225w\" sizes=\"auto, (max-width: 768px) 100vw, 768px\" data-recalc-dims=\"1\" \/><button\n\t\t\tclass=\"lightbox-trigger\"\n\t\t\ttype=\"button\"\n\t\t\taria-haspopup=\"dialog\"\n\t\t\taria-label=\"B\u00fcy\u00fct\"\n\t\t\tdata-wp-init=\"callbacks.initTriggerButton\"\n\t\t\tdata-wp-on--click=\"actions.showLightbox\"\n\t\t\tdata-wp-style--right=\"state.imageButtonRight\"\n\t\t\tdata-wp-style--top=\"state.imageButtonTop\"\n\t\t>\n\t\t\t<svg xmlns=\"http:\/\/www.w3.org\/2000\/svg\" width=\"12\" height=\"12\" fill=\"none\" viewBox=\"0 0 12 12\">\n\t\t\t\t<path fill=\"#fff\" d=\"M2 0a2 2 0 0 0-2 2v2h1.5V2a.5.5 0 0 1 .5-.5h2V0H2Zm2 10.5H2a.5.5 0 0 1-.5-.5V8H0v2a2 2 0 0 0 2 2h2v-1.5ZM8 12v-1.5h2a.5.5 0 0 0 .5-.5V8H12v2a2 2 0 0 1-2 2H8Zm2-12a2 2 0 0 1 2 2v2h-1.5V2a.5.5 0 0 0-.5-.5H8V0h2Z\" \/>\n\t\t\t<\/svg>\n\t\t<\/button><figcaption class=\"wp-element-caption\">Direk Alt Taban<\/figcaption><\/figure>\n\n\n\n<figure data-wp-context=\"{&quot;imageId&quot;:&quot;69e20e22968c9&quot;}\" data-wp-interactive=\"core\/image\" data-wp-key=\"69e20e22968c9\" class=\"wp-block-image size-large wp-lightbox-container\"><img loading=\"lazy\" decoding=\"async\" width=\"768\" height=\"1024\" data-wp-class--hide=\"state.isContentHidden\" data-wp-class--show=\"state.isContentVisible\" data-wp-init=\"callbacks.setButtonStyles\" data-wp-on--click=\"actions.showLightbox\" data-wp-on--load=\"callbacks.setButtonStyles\" data-wp-on-window--resize=\"callbacks.setButtonStyles\" data-id=\"19\" src=\"https:\/\/i0.wp.com\/paslanmazimalat.com\/wp-content\/uploads\/2024\/05\/WhatsApp-Image-2024-05-10-at-08.59.20.jpeg?resize=768%2C1024&#038;ssl=1\" alt=\"\" class=\"wp-image-19\" srcset=\"https:\/\/i0.wp.com\/paslanmazimalat.com\/wp-content\/uploads\/2024\/05\/WhatsApp-Image-2024-05-10-at-08.59.20.jpeg?resize=768%2C1024&amp;ssl=1 768w, https:\/\/i0.wp.com\/paslanmazimalat.com\/wp-content\/uploads\/2024\/05\/WhatsApp-Image-2024-05-10-at-08.59.20.jpeg?resize=225%2C300&amp;ssl=1 225w, https:\/\/i0.wp.com\/paslanmazimalat.com\/wp-content\/uploads\/2024\/05\/WhatsApp-Image-2024-05-10-at-08.59.20.jpeg?resize=1152%2C1536&amp;ssl=1 1152w, https:\/\/i0.wp.com\/paslanmazimalat.com\/wp-content\/uploads\/2024\/05\/WhatsApp-Image-2024-05-10-at-08.59.20.jpeg?w=1200&amp;ssl=1 1200w\" sizes=\"auto, (max-width: 768px) 100vw, 768px\" data-recalc-dims=\"1\" \/><button\n\t\t\tclass=\"lightbox-trigger\"\n\t\t\ttype=\"button\"\n\t\t\taria-haspopup=\"dialog\"\n\t\t\taria-label=\"B\u00fcy\u00fct\"\n\t\t\tdata-wp-init=\"callbacks.initTriggerButton\"\n\t\t\tdata-wp-on--click=\"actions.showLightbox\"\n\t\t\tdata-wp-style--right=\"state.imageButtonRight\"\n\t\t\tdata-wp-style--top=\"state.imageButtonTop\"\n\t\t>\n\t\t\t<svg xmlns=\"http:\/\/www.w3.org\/2000\/svg\" width=\"12\" height=\"12\" fill=\"none\" viewBox=\"0 0 12 12\">\n\t\t\t\t<path fill=\"#fff\" d=\"M2 0a2 2 0 0 0-2 2v2h1.5V2a.5.5 0 0 1 .5-.5h2V0H2Zm2 10.5H2a.5.5 0 0 1-.5-.5V8H0v2a2 2 0 0 0 2 2h2v-1.5ZM8 12v-1.5h2a.5.5 0 0 0 .5-.5V8H12v2a2 2 0 0 1-2 2H8Zm2-12a2 2 0 0 1 2 2v2h-1.5V2a.5.5 0 0 0-.5-.5H8V0h2Z\" \/>\n\t\t\t<\/svg>\n\t\t<\/button><figcaption class=\"wp-element-caption\">Matafora<\/figcaption><\/figure>\n\n\n\n<figure data-wp-context=\"{&quot;imageId&quot;:&quot;69e20e2296d66&quot;}\" data-wp-interactive=\"core\/image\" data-wp-key=\"69e20e2296d66\" class=\"wp-block-image size-large wp-lightbox-container\"><img loading=\"lazy\" decoding=\"async\" width=\"768\" height=\"1024\" data-wp-class--hide=\"state.isContentHidden\" data-wp-class--show=\"state.isContentVisible\" data-wp-init=\"callbacks.setButtonStyles\" data-wp-on--click=\"actions.showLightbox\" data-wp-on--load=\"callbacks.setButtonStyles\" data-wp-on-window--resize=\"callbacks.setButtonStyles\" data-id=\"17\" src=\"https:\/\/i0.wp.com\/paslanmazimalat.com\/wp-content\/uploads\/2024\/05\/WhatsApp-Image-2024-05-10-at-09.00.35.jpeg?resize=768%2C1024&#038;ssl=1\" alt=\"\" class=\"wp-image-17\" srcset=\"https:\/\/i0.wp.com\/paslanmazimalat.com\/wp-content\/uploads\/2024\/05\/WhatsApp-Image-2024-05-10-at-09.00.35.jpeg?resize=768%2C1024&amp;ssl=1 768w, https:\/\/i0.wp.com\/paslanmazimalat.com\/wp-content\/uploads\/2024\/05\/WhatsApp-Image-2024-05-10-at-09.00.35.jpeg?resize=225%2C300&amp;ssl=1 225w, https:\/\/i0.wp.com\/paslanmazimalat.com\/wp-content\/uploads\/2024\/05\/WhatsApp-Image-2024-05-10-at-09.00.35.jpeg?resize=1152%2C1536&amp;ssl=1 1152w, https:\/\/i0.wp.com\/paslanmazimalat.com\/wp-content\/uploads\/2024\/05\/WhatsApp-Image-2024-05-10-at-09.00.35.jpeg?w=1200&amp;ssl=1 1200w\" sizes=\"auto, (max-width: 768px) 100vw, 768px\" data-recalc-dims=\"1\" \/><button\n\t\t\tclass=\"lightbox-trigger\"\n\t\t\ttype=\"button\"\n\t\t\taria-haspopup=\"dialog\"\n\t\t\taria-label=\"B\u00fcy\u00fct\"\n\t\t\tdata-wp-init=\"callbacks.initTriggerButton\"\n\t\t\tdata-wp-on--click=\"actions.showLightbox\"\n\t\t\tdata-wp-style--right=\"state.imageButtonRight\"\n\t\t\tdata-wp-style--top=\"state.imageButtonTop\"\n\t\t>\n\t\t\t<svg xmlns=\"http:\/\/www.w3.org\/2000\/svg\" width=\"12\" height=\"12\" fill=\"none\" viewBox=\"0 0 12 12\">\n\t\t\t\t<path fill=\"#fff\" d=\"M2 0a2 2 0 0 0-2 2v2h1.5V2a.5.5 0 0 1 .5-.5h2V0H2Zm2 10.5H2a.5.5 0 0 1-.5-.5V8H0v2a2 2 0 0 0 2 2h2v-1.5ZM8 12v-1.5h2a.5.5 0 0 0 .5-.5V8H12v2a2 2 0 0 1-2 2H8Zm2-12a2 2 0 0 1 2 2v2h-1.5V2a.5.5 0 0 0-.5-.5H8V0h2Z\" \/>\n\t\t\t<\/svg>\n\t\t<\/button><figcaption class=\"wp-element-caption\">V Tipi Baba<\/figcaption><\/figure>\n<\/figure>\n\n\n\n<p><strong>Teknik \u00d6zellikler<\/strong><\/p>\n\n\n\n<p>Paslanmaz \u00e7elikten \u00fcretti\u011fimiz denizcilik malzemeleri, zorlu deniz ko\u015fullar\u0131na kar\u015f\u0131 \u00fcst\u00fcn dayan\u0131kl\u0131l\u0131k ve uzun \u00f6m\u00fcr sunar. \u00dcr\u00fcn yelpazemizde bulunan baston tak\u0131m\u0131, baston vardavelas\u0131, ba\u015f makara, direk alt taban, \u0131rgat daplini, makaral\u0131 kurt a\u011fz\u0131, masa aya\u011f\u0131, matafora, \u00f6n tente, s\u00fcvari merdiveni, tente ve V tipi baba, y\u00fcksek kaliteli paslanmaz \u00e7elikten \u00fcretilmi\u015ftir. Bu malzemeler, tuzlu suya, g\u00fcne\u015fe ve a\u011f\u0131r hava \u015fartlar\u0131na kar\u015f\u0131 korozyon direnci sa\u011flamak \u00fczere tasarlanm\u0131\u015ft\u0131r. Her \u00fcr\u00fcn, g\u00fcvenli\u011fi art\u0131rmak i\u00e7in titizlikle test edilmi\u015f ve m\u00fckemmel m\u00fchendislik ile \u00fcretilmi\u015ftir. Estetik tasar\u0131mlar\u0131yla yat\u0131n\u0131za hem \u015f\u0131kl\u0131k katar hem de i\u015flevsellik sunar.<\/p>\n\n\n\n<p class=\"has-text-align-center\"><strong>Tente ve \u00d6n Tente Teknik \u00c7izimleri<\/strong><\/p>\n\n\n\n<figure class=\"wp-block-gallery has-nested-images columns-default is-cropped wp-block-gallery-3 is-layout-flex wp-block-gallery-is-layout-flex\">\n<figure data-wp-context=\"{&quot;imageId&quot;:&quot;69e20e22972d6&quot;}\" data-wp-interactive=\"core\/image\" data-wp-key=\"69e20e22972d6\" class=\"wp-block-image size-large wp-lightbox-container\"><img loading=\"lazy\" decoding=\"async\" width=\"747\" height=\"610\" data-wp-class--hide=\"state.isContentHidden\" data-wp-class--show=\"state.isContentVisible\" data-wp-init=\"callbacks.setButtonStyles\" data-wp-on--click=\"actions.showLightbox\" data-wp-on--load=\"callbacks.setButtonStyles\" data-wp-on-window--resize=\"callbacks.setButtonStyles\" data-id=\"37\" src=\"https:\/\/i0.wp.com\/paslanmazimalat.com\/wp-content\/uploads\/2024\/05\/WhatsApp-Image-2024-05-10-at-09.00.19.jpeg?resize=747%2C610&#038;ssl=1\" alt=\"\" class=\"wp-image-37\" srcset=\"https:\/\/i0.wp.com\/paslanmazimalat.com\/wp-content\/uploads\/2024\/05\/WhatsApp-Image-2024-05-10-at-09.00.19.jpeg?w=747&amp;ssl=1 747w, https:\/\/i0.wp.com\/paslanmazimalat.com\/wp-content\/uploads\/2024\/05\/WhatsApp-Image-2024-05-10-at-09.00.19.jpeg?resize=300%2C245&amp;ssl=1 300w\" sizes=\"auto, (max-width: 747px) 100vw, 747px\" data-recalc-dims=\"1\" \/><button\n\t\t\tclass=\"lightbox-trigger\"\n\t\t\ttype=\"button\"\n\t\t\taria-haspopup=\"dialog\"\n\t\t\taria-label=\"B\u00fcy\u00fct\"\n\t\t\tdata-wp-init=\"callbacks.initTriggerButton\"\n\t\t\tdata-wp-on--click=\"actions.showLightbox\"\n\t\t\tdata-wp-style--right=\"state.imageButtonRight\"\n\t\t\tdata-wp-style--top=\"state.imageButtonTop\"\n\t\t>\n\t\t\t<svg xmlns=\"http:\/\/www.w3.org\/2000\/svg\" width=\"12\" height=\"12\" fill=\"none\" viewBox=\"0 0 12 12\">\n\t\t\t\t<path fill=\"#fff\" d=\"M2 0a2 2 0 0 0-2 2v2h1.5V2a.5.5 0 0 1 .5-.5h2V0H2Zm2 10.5H2a.5.5 0 0 1-.5-.5V8H0v2a2 2 0 0 0 2 2h2v-1.5ZM8 12v-1.5h2a.5.5 0 0 0 .5-.5V8H12v2a2 2 0 0 1-2 2H8Zm2-12a2 2 0 0 1 2 2v2h-1.5V2a.5.5 0 0 0-.5-.5H8V0h2Z\" \/>\n\t\t\t<\/svg>\n\t\t<\/button><\/figure>\n\n\n\n<figure data-wp-context=\"{&quot;imageId&quot;:&quot;69e20e229777a&quot;}\" data-wp-interactive=\"core\/image\" data-wp-key=\"69e20e229777a\" class=\"wp-block-image size-large wp-lightbox-container\"><img loading=\"lazy\" decoding=\"async\" width=\"880\" height=\"421\" data-wp-class--hide=\"state.isContentHidden\" data-wp-class--show=\"state.isContentVisible\" data-wp-init=\"callbacks.setButtonStyles\" data-wp-on--click=\"actions.showLightbox\" data-wp-on--load=\"callbacks.setButtonStyles\" data-wp-on-window--resize=\"callbacks.setButtonStyles\" data-id=\"36\" src=\"https:\/\/i0.wp.com\/paslanmazimalat.com\/wp-content\/uploads\/2024\/05\/WhatsApp-Image-2024-05-10-at-08.59.38.jpeg?resize=880%2C421&#038;ssl=1\" alt=\"\" class=\"wp-image-36\" srcset=\"https:\/\/i0.wp.com\/paslanmazimalat.com\/wp-content\/uploads\/2024\/05\/WhatsApp-Image-2024-05-10-at-08.59.38.jpeg?w=880&amp;ssl=1 880w, https:\/\/i0.wp.com\/paslanmazimalat.com\/wp-content\/uploads\/2024\/05\/WhatsApp-Image-2024-05-10-at-08.59.38.jpeg?resize=300%2C144&amp;ssl=1 300w, https:\/\/i0.wp.com\/paslanmazimalat.com\/wp-content\/uploads\/2024\/05\/WhatsApp-Image-2024-05-10-at-08.59.38.jpeg?resize=768%2C367&amp;ssl=1 768w\" sizes=\"auto, (max-width: 880px) 100vw, 880px\" data-recalc-dims=\"1\" \/><button\n\t\t\tclass=\"lightbox-trigger\"\n\t\t\ttype=\"button\"\n\t\t\taria-haspopup=\"dialog\"\n\t\t\taria-label=\"B\u00fcy\u00fct\"\n\t\t\tdata-wp-init=\"callbacks.initTriggerButton\"\n\t\t\tdata-wp-on--click=\"actions.showLightbox\"\n\t\t\tdata-wp-style--right=\"state.imageButtonRight\"\n\t\t\tdata-wp-style--top=\"state.imageButtonTop\"\n\t\t>\n\t\t\t<svg xmlns=\"http:\/\/www.w3.org\/2000\/svg\" width=\"12\" height=\"12\" fill=\"none\" viewBox=\"0 0 12 12\">\n\t\t\t\t<path fill=\"#fff\" d=\"M2 0a2 2 0 0 0-2 2v2h1.5V2a.5.5 0 0 1 .5-.5h2V0H2Zm2 10.5H2a.5.5 0 0 1-.5-.5V8H0v2a2 2 0 0 0 2 2h2v-1.5ZM8 12v-1.5h2a.5.5 0 0 0 .5-.5V8H12v2a2 2 0 0 1-2 2H8Zm2-12a2 2 0 0 1 2 2v2h-1.5V2a.5.5 0 0 0-.5-.5H8V0h2Z\" \/>\n\t\t\t<\/svg>\n\t\t<\/button><\/figure>\n<\/figure>\n\n\n\n<p>Denizcilik sekt\u00f6r\u00fcne y\u00f6nelik paslanmaz \u00e7elik imalatlar\u0131m\u0131z, yat ve tekneleriniz i\u00e7in en g\u00fcvenilir ve dayan\u0131kl\u0131 \u00e7\u00f6z\u00fcmleri sunar. \u00dcr\u00fcnlerimiz, sa\u011flam yap\u0131s\u0131 ve estetik tasar\u0131m\u0131 ile deniz tutkunlar\u0131n\u0131n beklentilerini fazlas\u0131yla kar\u015f\u0131lar. Rekabet\u00e7i fiyatlar\u0131m\u0131z ve \u00fcst\u00fcn m\u00fc\u015fteri hizmetlerimizle, y\u00fcksek kaliteli denizcilik ekipmanlar\u0131na ula\u015fmay\u0131 kolayla\u015ft\u0131r\u0131yoruz. Sat\u0131\u015f sonras\u0131 destek ve h\u0131zl\u0131 teslimat se\u00e7eneklerimizle, m\u00fc\u015fteri memnuniyetini her zaman \u00f6n planda tutuyoruz. Denizcilikte kalite ve g\u00fcvenlik arayanlar i\u00e7in, paslanmaz \u00e7elik \u00fcr\u00fcnlerimiz en iyi tercihtir.<\/p>\n\n\n\n<figure data-wp-context=\"{&quot;imageId&quot;:&quot;69e20e2297c66&quot;}\" data-wp-interactive=\"core\/image\" data-wp-key=\"69e20e2297c66\" class=\"wp-block-image aligncenter size-full wp-lightbox-container\"><img loading=\"lazy\" decoding=\"async\" width=\"803\" height=\"558\" data-wp-class--hide=\"state.isContentHidden\" data-wp-class--show=\"state.isContentVisible\" data-wp-init=\"callbacks.setButtonStyles\" data-wp-on--click=\"actions.showLightbox\" data-wp-on--load=\"callbacks.setButtonStyles\" data-wp-on-window--resize=\"callbacks.setButtonStyles\" src=\"https:\/\/i0.wp.com\/paslanmazimalat.com\/wp-content\/uploads\/2024\/05\/WhatsApp-Image-2024-05-10-at-08.58.46.jpeg?resize=803%2C558&#038;ssl=1\" alt=\"\" class=\"wp-image-35\" srcset=\"https:\/\/i0.wp.com\/paslanmazimalat.com\/wp-content\/uploads\/2024\/05\/WhatsApp-Image-2024-05-10-at-08.58.46.jpeg?w=803&amp;ssl=1 803w, https:\/\/i0.wp.com\/paslanmazimalat.com\/wp-content\/uploads\/2024\/05\/WhatsApp-Image-2024-05-10-at-08.58.46.jpeg?resize=300%2C208&amp;ssl=1 300w, https:\/\/i0.wp.com\/paslanmazimalat.com\/wp-content\/uploads\/2024\/05\/WhatsApp-Image-2024-05-10-at-08.58.46.jpeg?resize=768%2C534&amp;ssl=1 768w\" sizes=\"auto, (max-width: 803px) 100vw, 803px\" data-recalc-dims=\"1\" \/><button\n\t\t\tclass=\"lightbox-trigger\"\n\t\t\ttype=\"button\"\n\t\t\taria-haspopup=\"dialog\"\n\t\t\taria-label=\"B\u00fcy\u00fct\"\n\t\t\tdata-wp-init=\"callbacks.initTriggerButton\"\n\t\t\tdata-wp-on--click=\"actions.showLightbox\"\n\t\t\tdata-wp-style--right=\"state.imageButtonRight\"\n\t\t\tdata-wp-style--top=\"state.imageButtonTop\"\n\t\t>\n\t\t\t<svg xmlns=\"http:\/\/www.w3.org\/2000\/svg\" width=\"12\" height=\"12\" fill=\"none\" viewBox=\"0 0 12 12\">\n\t\t\t\t<path fill=\"#fff\" d=\"M2 0a2 2 0 0 0-2 2v2h1.5V2a.5.5 0 0 1 .5-.5h2V0H2Zm2 10.5H2a.5.5 0 0 1-.5-.5V8H0v2a2 2 0 0 0 2 2h2v-1.5ZM8 12v-1.5h2a.5.5 0 0 0 .5-.5V8H12v2a2 2 0 0 1-2 2H8Zm2-12a2 2 0 0 1 2 2v2h-1.5V2a.5.5 0 0 0-.5-.5H8V0h2Z\" \/>\n\t\t\t<\/svg>\n\t\t<\/button><figcaption class=\"wp-element-caption\">Makaral\u0131 Kurt A\u011fz\u0131<\/figcaption><\/figure>\n","protected":false},"excerpt":{"rendered":"<p>Teknik \u00d6zellikler Paslanmaz \u00e7elikten \u00fcretti\u011fimiz denizcilik malzemeleri, zorlu deniz ko\u015fullar\u0131na kar\u015f\u0131 \u00fcst\u00fcn dayan\u0131kl\u0131l\u0131k ve uzun \u00f6m\u00fcr sunar. \u00dcr\u00fcn yelpazemizde bulunan baston tak\u0131m\u0131, baston vardavelas\u0131, ba\u015f makara, direk alt taban, \u0131rgat daplini, makaral\u0131 kurt a\u011fz\u0131, masa aya\u011f\u0131, matafora, \u00f6n tente, s\u00fcvari merdiveni, tente ve V tipi baba, y\u00fcksek kaliteli paslanmaz \u00e7elikten \u00fcretilmi\u015ftir. Bu malzemeler, tuzlu suya, [&hellip;]<\/p>\n","protected":false},"author":1,"featured_media":0,"parent":0,"menu_order":0,"comment_status":"closed","ping_status":"closed","template":"","meta":{"footnotes":""},"class_list":["post-34","page","type-page","status-publish","hentry"],"jetpack_sharing_enabled":true,"_links":{"self":[{"href":"https:\/\/paslanmazimalat.com\/index.php\/wp-json\/wp\/v2\/pages\/34","targetHints":{"allow":["GET"]}}],"collection":[{"href":"https:\/\/paslanmazimalat.com\/index.php\/wp-json\/wp\/v2\/pages"}],"about":[{"href":"https:\/\/paslanmazimalat.com\/index.php\/wp-json\/wp\/v2\/types\/page"}],"author":[{"embeddable":true,"href":"https:\/\/paslanmazimalat.com\/index.php\/wp-json\/wp\/v2\/users\/1"}],"replies":[{"embeddable":true,"href":"https:\/\/paslanmazimalat.com\/index.php\/wp-json\/wp\/v2\/comments?post=34"}],"version-history":[{"count":4,"href":"https:\/\/paslanmazimalat.com\/index.php\/wp-json\/wp\/v2\/pages\/34\/revisions"}],"predecessor-version":[{"id":101,"href":"https:\/\/paslanmazimalat.com\/index.php\/wp-json\/wp\/v2\/pages\/34\/revisions\/101"}],"wp:attachment":[{"href":"https:\/\/paslanmazimalat.com\/index.php\/wp-json\/wp\/v2\/media?parent=34"}],"curies":[{"name":"wp","href":"https:\/\/api.w.org\/{rel}","templated":true}]}}