{"id":42,"date":"2024-05-21T20:08:46","date_gmt":"2024-05-21T20:08:46","guid":{"rendered":"https:\/\/paslanmazimalat.com\/?page_id=42"},"modified":"2024-05-21T20:18:15","modified_gmt":"2024-05-21T20:18:15","slug":"paslanmaz-izgara-ve-drenaj-imalatlari","status":"publish","type":"page","link":"https:\/\/paslanmazimalat.com\/index.php\/paslanmaz-izgara-ve-drenaj-imalatlari\/","title":{"rendered":"Paslanmaz Izgara ve Drenaj \u0130malatlar\u0131"},"content":{"rendered":"\n<figure class=\"wp-block-image aligncenter size-large is-resized\"><img loading=\"lazy\" decoding=\"async\" width=\"1107\" height=\"623\" src=\"https:\/\/i0.wp.com\/paslanmazimalat.com\/wp-content\/uploads\/2024\/05\/WhatsApp-Image-2024-05-10-at-09.02.39-edited.jpeg?resize=1107%2C623&#038;ssl=1\" alt=\"\" class=\"wp-image-53\" style=\"width:620px;height:auto\" srcset=\"https:\/\/i0.wp.com\/paslanmazimalat.com\/wp-content\/uploads\/2024\/05\/WhatsApp-Image-2024-05-10-at-09.02.39-edited.jpeg?w=1107&amp;ssl=1 1107w, https:\/\/i0.wp.com\/paslanmazimalat.com\/wp-content\/uploads\/2024\/05\/WhatsApp-Image-2024-05-10-at-09.02.39-edited.jpeg?resize=300%2C169&amp;ssl=1 300w, https:\/\/i0.wp.com\/paslanmazimalat.com\/wp-content\/uploads\/2024\/05\/WhatsApp-Image-2024-05-10-at-09.02.39-edited.jpeg?resize=1024%2C576&amp;ssl=1 1024w, https:\/\/i0.wp.com\/paslanmazimalat.com\/wp-content\/uploads\/2024\/05\/WhatsApp-Image-2024-05-10-at-09.02.39-edited.jpeg?resize=768%2C432&amp;ssl=1 768w\" sizes=\"auto, (max-width: 1000px) 100vw, 1000px\" data-recalc-dims=\"1\" \/><figcaption class=\"wp-element-caption\">D\u00fcz Kanal Drenaj<\/figcaption><\/figure>\n\n\n\n<p><strong>Teknik \u00d6zellikler<\/strong><\/p>\n\n\n\n<p>Paslanmaz \u00e7elikten \u00fcretti\u011fimiz \u0131zgara ve drenaj sistemleri, y\u00fcksek dayan\u0131kl\u0131l\u0131k ve uzun \u00f6m\u00fcr sunar. \u00dcr\u00fcnlerimiz, zorlu \u00e7evre ko\u015fullar\u0131na kar\u015f\u0131 \u00fcst\u00fcn korozyon direnci sa\u011flamak \u00fczere tasarlanm\u0131\u015ft\u0131r ve bu nedenle hem i\u00e7 mekanlarda hem de d\u0131\u015f mekanlarda m\u00fckemmel performans g\u00f6sterir. Paslanmaz \u0131zgaralar\u0131m\u0131z, a\u011f\u0131r y\u00fckleri ta\u015f\u0131yabilecek \u015fekilde yap\u0131land\u0131r\u0131lm\u0131\u015f olup, kaymaz y\u00fczeyleri ile g\u00fcvenli\u011fi art\u0131r\u0131r. Drenaj sistemlerimiz, suyun h\u0131zl\u0131 ve etkili bir \u015fekilde tahliye edilmesini sa\u011flayarak, her t\u00fcrl\u00fc ortamda su birikintilerini \u00f6nler. Her iki \u00fcr\u00fcn grubumuz da, hijyenik ve temizlenmesi kolay y\u00fczeyleri ile bak\u0131m kolayl\u0131\u011f\u0131 sa\u011flar.<\/p>\n\n\n\n<figure class=\"wp-block-image aligncenter size-large\"><img loading=\"lazy\" decoding=\"async\" width=\"1009\" height=\"568\" src=\"https:\/\/i0.wp.com\/paslanmazimalat.com\/wp-content\/uploads\/2024\/05\/WhatsApp-Image-2024-05-10-at-09.02.29-edited.jpeg?resize=1009%2C568&#038;ssl=1\" alt=\"\" class=\"wp-image-54\" srcset=\"https:\/\/i0.wp.com\/paslanmazimalat.com\/wp-content\/uploads\/2024\/05\/WhatsApp-Image-2024-05-10-at-09.02.29-edited.jpeg?w=1009&amp;ssl=1 1009w, https:\/\/i0.wp.com\/paslanmazimalat.com\/wp-content\/uploads\/2024\/05\/WhatsApp-Image-2024-05-10-at-09.02.29-edited.jpeg?resize=300%2C169&amp;ssl=1 300w, https:\/\/i0.wp.com\/paslanmazimalat.com\/wp-content\/uploads\/2024\/05\/WhatsApp-Image-2024-05-10-at-09.02.29-edited.jpeg?resize=768%2C432&amp;ssl=1 768w\" sizes=\"auto, (max-width: 1000px) 100vw, 1000px\" data-recalc-dims=\"1\" \/><figcaption class=\"wp-element-caption\">Izgaral\u0131 Drenaj Kanal\u0131<\/figcaption><\/figure>\n\n\n\n<p>Paslanmaz \u0131zgara ve drenaj sistemlerimiz, end\u00fcstriyel tesislerden ticari binalara, park ve bah\u00e7elerden spor tesislerine kadar geni\u015f bir kullan\u0131m alan\u0131na hitap eder. Estetik tasar\u0131m\u0131 ve y\u00fcksek i\u015flevselli\u011fi ile projelerinize de\u011fer katar. Rekabet\u00e7i fiyatlar\u0131m\u0131z ve \u00fcst\u00fcn m\u00fc\u015fteri hizmetlerimizle, projelerinizin b\u00fct\u00e7esini ve zaman\u0131n\u0131 en iyi \u015fekilde y\u00f6netmenizi sa\u011fl\u0131yoruz. H\u0131zl\u0131 teslimat se\u00e7eneklerimiz ve esnek \u00fcretim kapasitelerimizle, ihtiyac\u0131n\u0131za uygun \u00e7\u00f6z\u00fcmleri k\u0131sa s\u00fcrede sunuyoruz. Kalite ve g\u00fcvenilirlik arayanlar i\u00e7in, paslanmaz \u0131zgara ve drenaj sistemlerimiz en ideal se\u00e7imdir.<\/p>\n\n\n\n<figure class=\"wp-block-image aligncenter size-large\"><img loading=\"lazy\" decoding=\"async\" width=\"1054\" height=\"593\" src=\"https:\/\/i0.wp.com\/paslanmazimalat.com\/wp-content\/uploads\/2024\/05\/WhatsApp-Image-2024-05-10-at-09.03.14-edited.jpeg?resize=1054%2C593&#038;ssl=1\" alt=\"\" class=\"wp-image-55\" srcset=\"https:\/\/i0.wp.com\/paslanmazimalat.com\/wp-content\/uploads\/2024\/05\/WhatsApp-Image-2024-05-10-at-09.03.14-edited.jpeg?w=1054&amp;ssl=1 1054w, https:\/\/i0.wp.com\/paslanmazimalat.com\/wp-content\/uploads\/2024\/05\/WhatsApp-Image-2024-05-10-at-09.03.14-edited.jpeg?resize=300%2C169&amp;ssl=1 300w, https:\/\/i0.wp.com\/paslanmazimalat.com\/wp-content\/uploads\/2024\/05\/WhatsApp-Image-2024-05-10-at-09.03.14-edited.jpeg?resize=1024%2C576&amp;ssl=1 1024w, https:\/\/i0.wp.com\/paslanmazimalat.com\/wp-content\/uploads\/2024\/05\/WhatsApp-Image-2024-05-10-at-09.03.14-edited.jpeg?resize=768%2C432&amp;ssl=1 768w\" sizes=\"auto, (max-width: 1000px) 100vw, 1000px\" data-recalc-dims=\"1\" \/><figcaption class=\"wp-element-caption\">Sac Drenaj Izgara<\/figcaption><\/figure>\n\n\n\n<figure class=\"wp-block-image aligncenter size-large\"><img loading=\"lazy\" decoding=\"async\" width=\"1054\" height=\"593\" src=\"https:\/\/i0.wp.com\/paslanmazimalat.com\/wp-content\/uploads\/2024\/05\/WhatsApp-Image-2024-05-10-at-09.02.50-edited.jpeg?resize=1054%2C593&#038;ssl=1\" alt=\"\" class=\"wp-image-56\" srcset=\"https:\/\/i0.wp.com\/paslanmazimalat.com\/wp-content\/uploads\/2024\/05\/WhatsApp-Image-2024-05-10-at-09.02.50-edited.jpeg?w=1054&amp;ssl=1 1054w, https:\/\/i0.wp.com\/paslanmazimalat.com\/wp-content\/uploads\/2024\/05\/WhatsApp-Image-2024-05-10-at-09.02.50-edited.jpeg?resize=300%2C169&amp;ssl=1 300w, https:\/\/i0.wp.com\/paslanmazimalat.com\/wp-content\/uploads\/2024\/05\/WhatsApp-Image-2024-05-10-at-09.02.50-edited.jpeg?resize=1024%2C576&amp;ssl=1 1024w, https:\/\/i0.wp.com\/paslanmazimalat.com\/wp-content\/uploads\/2024\/05\/WhatsApp-Image-2024-05-10-at-09.02.50-edited.jpeg?resize=768%2C432&amp;ssl=1 768w\" sizes=\"auto, (max-width: 1000px) 100vw, 1000px\" data-recalc-dims=\"1\" \/><figcaption class=\"wp-element-caption\">Lamal\u0131 Drenaj Izgara<\/figcaption><\/figure>\n\n\n\n<figure class=\"wp-block-image aligncenter size-large\"><img loading=\"lazy\" decoding=\"async\" width=\"1024\" height=\"485\" src=\"https:\/\/i0.wp.com\/paslanmazimalat.com\/wp-content\/uploads\/2024\/05\/WhatsApp-Image-2024-05-10-at-09.03.02.jpeg?resize=1024%2C485&#038;ssl=1\" alt=\"\" class=\"wp-image-49\" srcset=\"https:\/\/i0.wp.com\/paslanmazimalat.com\/wp-content\/uploads\/2024\/05\/WhatsApp-Image-2024-05-10-at-09.03.02.jpeg?resize=1024%2C485&amp;ssl=1 1024w, https:\/\/i0.wp.com\/paslanmazimalat.com\/wp-content\/uploads\/2024\/05\/WhatsApp-Image-2024-05-10-at-09.03.02.jpeg?resize=300%2C142&amp;ssl=1 300w, https:\/\/i0.wp.com\/paslanmazimalat.com\/wp-content\/uploads\/2024\/05\/WhatsApp-Image-2024-05-10-at-09.03.02.jpeg?resize=768%2C364&amp;ssl=1 768w, https:\/\/i0.wp.com\/paslanmazimalat.com\/wp-content\/uploads\/2024\/05\/WhatsApp-Image-2024-05-10-at-09.03.02.jpeg?w=1252&amp;ssl=1 1252w\" sizes=\"auto, (max-width: 1000px) 100vw, 1000px\" data-recalc-dims=\"1\" \/><figcaption class=\"wp-element-caption\">Dalga Desenli Sac Drenaj Izgara<\/figcaption><\/figure>\n","protected":false},"excerpt":{"rendered":"<p>Teknik \u00d6zellikler Paslanmaz \u00e7elikten \u00fcretti\u011fimiz \u0131zgara ve drenaj sistemleri, y\u00fcksek dayan\u0131kl\u0131l\u0131k ve uzun \u00f6m\u00fcr sunar. \u00dcr\u00fcnlerimiz, zorlu \u00e7evre ko\u015fullar\u0131na kar\u015f\u0131 \u00fcst\u00fcn korozyon direnci sa\u011flamak \u00fczere tasarlanm\u0131\u015ft\u0131r ve bu nedenle hem i\u00e7 mekanlarda hem de d\u0131\u015f mekanlarda m\u00fckemmel performans g\u00f6sterir. Paslanmaz \u0131zgaralar\u0131m\u0131z, a\u011f\u0131r y\u00fckleri ta\u015f\u0131yabilecek \u015fekilde yap\u0131land\u0131r\u0131lm\u0131\u015f olup, kaymaz y\u00fczeyleri ile g\u00fcvenli\u011fi art\u0131r\u0131r. Drenaj sistemlerimiz, suyun [&hellip;]<\/p>\n","protected":false},"author":1,"featured_media":51,"parent":0,"menu_order":0,"comment_status":"closed","ping_status":"closed","template":"","meta":{"footnotes":""},"class_list":["post-42","page","type-page","status-publish","has-post-thumbnail","hentry"],"jetpack_sharing_enabled":true,"_links":{"self":[{"href":"https:\/\/paslanmazimalat.com\/index.php\/wp-json\/wp\/v2\/pages\/42","targetHints":{"allow":["GET"]}}],"collection":[{"href":"https:\/\/paslanmazimalat.com\/index.php\/wp-json\/wp\/v2\/pages"}],"about":[{"href":"https:\/\/paslanmazimalat.com\/index.php\/wp-json\/wp\/v2\/types\/page"}],"author":[{"embeddable":true,"href":"https:\/\/paslanmazimalat.com\/index.php\/wp-json\/wp\/v2\/users\/1"}],"replies":[{"embeddable":true,"href":"https:\/\/paslanmazimalat.com\/index.php\/wp-json\/wp\/v2\/comments?post=42"}],"version-history":[{"count":4,"href":"https:\/\/paslanmazimalat.com\/index.php\/wp-json\/wp\/v2\/pages\/42\/revisions"}],"predecessor-version":[{"id":44,"href":"https:\/\/paslanmazimalat.com\/index.php\/wp-json\/wp\/v2\/pages\/42\/revisions\/44"}],"wp:featuredmedia":[{"embeddable":true,"href":"https:\/\/paslanmazimalat.com\/index.php\/wp-json\/wp\/v2\/media\/51"}],"wp:attachment":[{"href":"https:\/\/paslanmazimalat.com\/index.php\/wp-json\/wp\/v2\/media?parent=42"}],"curies":[{"name":"wp","href":"https:\/\/api.w.org\/{rel}","templated":true}]}}